{"id":45159,"date":"2023-04-19T10:05:38","date_gmt":"2023-04-19T08:05:38","guid":{"rendered":"https:\/\/www.proxess.de\/newsletter-subscription\/"},"modified":"2026-02-06T16:15:08","modified_gmt":"2026-02-06T15:15:08","slug":"newsletter-subscription","status":"publish","type":"page","link":"https:\/\/www.proxess.de\/en\/newsletter-subscription\/","title":{"rendered":"Newsletter subscription"},"content":{"rendered":"<p><div class=\"fusion-fullwidth fullwidth-box fusion-builder-row-1 has-pattern-background has-mask-background hundred-percent-fullwidth non-hundred-percent-height-scrolling fusion-equal-height-columns bg-px-gradient\" style=\"--awb-border-radius-top-left:0px;--awb-border-radius-top-right:0px;--awb-border-radius-bottom-right:0px;--awb-border-radius-bottom-left:0px;--awb-padding-top:3%;--awb-padding-bottom:3%;--awb-background-color:#eff6fb;--awb-flex-wrap:wrap;\" ><div class=\"fusion-builder-row fusion-row\"><div class=\"fusion-layout-column fusion_builder_column fusion-builder-column-0 fusion_builder_column_1_2 1_2 fusion-one-half fusion-column-first\" style=\"--awb-bg-size:cover;width:50%;width:calc(50% - ( ( 4% ) * 0.5 ) );margin-right: 4%;\"><div class=\"fusion-column-wrapper fusion-flex-column-wrapper-legacy\"><div class=\"fusion-column-content-centered\"><div class=\"fusion-column-content\"><div class=\"fusion-image-element fusion-image-align-center in-legacy-container\" style=\"text-align:center;--awb-caption-title-font-family:var(--h2_typography-font-family);--awb-caption-title-font-weight:var(--h2_typography-font-weight);--awb-caption-title-font-style:var(--h2_typography-font-style);--awb-caption-title-size:var(--h2_typography-font-size);--awb-caption-title-transform:var(--h2_typography-text-transform);--awb-caption-title-line-height:var(--h2_typography-line-height);--awb-caption-title-letter-spacing:var(--h2_typography-letter-spacing);\"><div class=\"imageframe-align-center\"><span class=\" fusion-imageframe imageframe-none imageframe-1 hover-type-none\"><img decoding=\"async\" width=\"400\" height=\"199\" title=\"illustration-newsletter-proxess\" src=\"https:\/\/www.proxess.de\/wp-content\/uploads\/2019\/02\/illustration-newsletter-proxess-400x199.png\" alt class=\"img-responsive wp-image-7832\" srcset=\"https:\/\/www.proxess.de\/wp-content\/uploads\/2019\/02\/illustration-newsletter-proxess-200x100.png 200w, https:\/\/www.proxess.de\/wp-content\/uploads\/2019\/02\/illustration-newsletter-proxess-400x199.png 400w, https:\/\/www.proxess.de\/wp-content\/uploads\/2019\/02\/illustration-newsletter-proxess-600x299.png 600w, https:\/\/www.proxess.de\/wp-content\/uploads\/2019\/02\/illustration-newsletter-proxess-800x399.png 800w, https:\/\/www.proxess.de\/wp-content\/uploads\/2019\/02\/illustration-newsletter-proxess.png 1200w\" sizes=\"(max-width: 800px) 100vw, 800px\" \/><\/span><\/div><\/div><\/div><\/div><div class=\"fusion-clearfix\"><\/div><\/div><\/div><div class=\"fusion-layout-column fusion_builder_column fusion-builder-column-1 fusion_builder_column_1_2 1_2 fusion-one-half fusion-column-last\" style=\"--awb-bg-size:cover;width:50%;width:calc(50% - ( ( 4% ) * 0.5 ) );\"><div class=\"fusion-column-wrapper fusion-flex-column-wrapper-legacy\"><div class=\"fusion-column-content-centered\"><div class=\"fusion-column-content\"><div class=\"fusion-title title fusion-title-1 fusion-sep-none fusion-title-text fusion-title-size-one\" style=\"--awb-text-color:#ffffff;--awb-margin-top-small:0px;--awb-margin-right-small:0px;--awb-margin-bottom-small:20px;--awb-margin-left-small:0px;\"><h1 class=\"fusion-title-heading title-heading-left fusion-responsive-typography-calculated\" style=\"margin:0;--fontSize:34;line-height:normal;\">Sign up for our free newsletter<\/h1><\/div><div class=\"fusion-sep-clear\"><\/div><div class=\"fusion-separator fusion-full-width-sep\" style=\"margin-left: auto;margin-right: auto;margin-bottom:31px;width:100%;\"><\/div><div class=\"fusion-sep-clear\"><\/div>\n<style>body {<br \/>\t\tcolor: #fff;<br \/>\t\t}<\/p>\n<p>\tinput[type=text], select {<br \/>      color: #545454;<br \/>      padding: 0px 12px;<br \/>\t\t\tfont-size:16px;<br \/>\t\t\twidth: 100%;<br \/>\t\t\tborder: 1px solid #ccc;<br \/>\t\t\tmargin-top: 6px;<br \/>\t\t\tmargin-bottom: 10px;<br \/>\t\t\tresize: vertical;<br \/>}<\/p>\n<p>\tinput[type=submit] {<br \/>      font-size:18px;<br \/>      text-transform: uppercase;<br \/>      background-color:#bd0b25;<br \/>      color: white;<br \/>      padding: 13px 29px;<br \/>      border: none;<br \/>      border-radius: 90px;<br \/>      cursor: pointer;<br \/>      margin-top: 15px;<br \/>      margin-bottom: 15px<br \/>}<\/p>\n<p>\tinput[type=submit]:hover {<br \/>          background-color: #aa0921;<br \/>}<\/p>\n<p>\t.container {<br \/>            width: 100%;<br \/>            padding: 0px;<br \/>}<\/p>\n<p>\tlabel {<br \/>      display: block;<br \/>      margin-bottom: 5px;<br \/>}<\/p>\n<\/style>\n\n<script type=\"module\" src=\"https:\/\/unpkg.com\/friendly-challenge@0.9.9\/widget.module.min.js\" async defer><\/script><script nomodule src=\"https:\/\/unpkg.com\/friendly-challenge@0.9.9\/widget.min.js\" async defer><\/script>\n<div class=\"container\"><form action=\"https:\/\/web.inxmail.com\/proxess\/subscription\/servletv3\" method=\"post\"><input name=\"INXMAIL_SUBSCRIPTION\" type=\"hidden\" value=\"Empf\u00e4nger PROXESS Newsletter\" \/><input name=\"INXMAIL_HTTP_REDIRECT\" type=\"hidden\" value=\"https:\/\/www.proxess.de\/newsletteranmeldung\/fast-geschafft\/\" \/><input name=\"INXMAIL_HTTP_REDIRECT_ERROR\" type=\"hidden\" value=\"[URL f\u00fcr Landeseite \" \/><input name=\"INXMAIL_CHARSET\" type=\"hidden\" value=\"UTF-8\" \/><label>E-Mail*\n<input name=\"email\" type=\"text\" \/><\/label><label>Anrede\n<select name=\"ap-herr\">\n<option value=\"male\">Herr<\/option>\n<option value=\"female\">Frau<\/option>\n<option value=\"neutral\">Divers<\/option>\n<\/select><\/label><label>Vorname\n<input name=\"ap_vorname\" type=\"text\" \/><\/label><label>Nachname\n<input name=\"ap_nachname\" type=\"text\" \/><\/label><label>Unternehmen\n<input name=\"name1\" type=\"text\" \/><\/label><label><input name=\"INXMAIL_TRACKINGPERMISSION\" type=\"checkbox\" \/>Ja, ich bin damit einverstanden, dass mein personenbezogenes Nutzungsverhalten im Newsletter erfasst und ausgewertet wird, damit die Inhalte besser auf meine pers\u00f6nlichen Interessen ausgerichtet werden k\u00f6nnen. \u00dcber einen Link im Newsletter kann ich diese Funktion jederzeit deaktivieren.\n<\/label><input type=\"submit\" \/>\n<div class=\"frc-captcha\" data-sitekey=\"FCMQMF2A9M34Q6HJ\" data-puzzle-endpoint=\"https:\/\/eu-api.friendlycaptcha.eu\/api\/v1\/puzzle\"><\/div>\n<\/form><\/div>\n<\/div><\/div><div class=\"fusion-clearfix\"><\/div><\/div><\/div><\/div><\/div><div class=\"fusion-fullwidth fullwidth-box fusion-builder-row-2 nonhundred-percent-fullwidth non-hundred-percent-height-scrolling\" style=\"--awb-border-radius-top-left:0px;--awb-border-radius-top-right:0px;--awb-border-radius-bottom-right:0px;--awb-border-radius-bottom-left:0px;--awb-padding-top:3%;--awb-padding-bottom:3%;--awb-flex-wrap:wrap;\" ><div class=\"fusion-builder-row fusion-row\"><div class=\"fusion-layout-column fusion_builder_column fusion-builder-column-2 fusion_builder_column_1_1 1_1 fusion-one-full fusion-column-first fusion-column-last\" style=\"--awb-bg-blend:overlay;--awb-bg-size:cover;\"><div class=\"fusion-column-wrapper fusion-flex-column-wrapper-legacy\"><div class=\"fusion-title title fusion-title-2 fusion-sep-none fusion-title-text fusion-title-size-two\" style=\"--awb-margin-top-small:0px;--awb-margin-right-small:0px;--awb-margin-bottom-small:20px;--awb-margin-left-small:0px;\"><h2 class=\"fusion-title-heading title-heading-left fusion-responsive-typography-calculated\" style=\"margin:0;--fontSize:28;line-height:normal;\">Hinweise zum Inhalt des Newsletters, dem Versandverfahren und Statistiken<\/h2><\/div><div class=\"fusion-sep-clear\"><\/div><div class=\"fusion-separator fusion-full-width-sep\" style=\"margin-left: auto;margin-right: auto;margin-bottom:31px;width:100%;\"><\/div><div class=\"fusion-sep-clear\"><\/div><div class=\"fusion-content-boxes content-boxes columns row fusion-columns-2 fusion-columns-total-6 fusion-content-boxes-1 content-boxes-icon-on-side content-left\" style=\"--awb-hover-accent-color:#bd0b25;--awb-circle-hover-accent-color:transparent;\" data-animationOffset=\"top-into-view\"><div style=\"--awb-backgroundcolor:rgba(255,255,255,0);--awb-content-padding-left:52px;\" class=\"fusion-column content-box-column content-box-column content-box-column-1 col-lg-6 col-md-6 col-sm-6 fusion-content-box-hover content-box-column-first-in-row\"><div class=\"col content-box-wrapper content-wrapper link-area-link-icon icon-hover-animation-fade\" data-animationOffset=\"top-into-view\"><div class=\"heading heading-with-icon icon-left\"><div class=\"icon\"><i style=\"background-color:transparent;border-color:transparent;height:auto;width: 32px;line-height:normal;font-size:32px;\" aria-hidden=\"true\" class=\"fontawesome-icon fa-envelope-open far circle-no\"><\/i><\/div><h2 class=\"content-box-heading fusion-responsive-typography-calculated\" style=\"--h2_typography-font-size:18px;--fontSize:18;line-height:normal;padding-left:52px;\">Welche Inhalte erhalten Sie?<\/h2><\/div><div class=\"fusion-clearfix\"><\/div><div class=\"content-container\">\n<p>Mit unserem Newsletter erhalten Sie Informationen zu den Themen Dokumentenmanagement und Digitalisierung. Wir informieren Sie \u00fcber wertvolle Blogbeitr\u00e4ge, anstehende Webinare oder Veranstaltungen.<\/p>\n<\/div><\/div><\/div><div style=\"--awb-backgroundcolor:rgba(255,255,255,0);--awb-content-padding-left:52px;\" class=\"fusion-column content-box-column content-box-column content-box-column-2 col-lg-6 col-md-6 col-sm-6 fusion-content-box-hover content-box-column-last-in-row\"><div class=\"col content-box-wrapper content-wrapper link-area-link-icon icon-hover-animation-fade\" data-animationOffset=\"top-into-view\"><div class=\"heading heading-with-icon icon-left\"><div class=\"icon\"><i style=\"background-color:transparent;border-color:transparent;height:auto;width: 32px;line-height:normal;font-size:32px;\" aria-hidden=\"true\" class=\"fontawesome-icon fa-exchange-alt fas circle-no\"><\/i><\/div><h2 class=\"content-box-heading fusion-responsive-typography-calculated\" style=\"--h2_typography-font-size:18px;--fontSize:18;line-height:normal;padding-left:52px;\">Double-Opt-In und Opt-Out<\/h2><\/div><div class=\"fusion-clearfix\"><\/div><div class=\"content-container\">\n<p>Sie erhalten eine sogenannte Double-Opt-In-E-Mail, in der Sie um Best\u00e4tigung der Anmeldung gebeten werden.\u00a0Sie k\u00f6nnen dem Empfang der Newsletter jederzeit widersprechen (sog. Opt-Out). Einen Abmeldelink finden Sie in jedem Newsletter.<\/p>\n<\/div><\/div><\/div><div style=\"--awb-backgroundcolor:rgba(255,255,255,0);--awb-content-padding-left:52px;\" class=\"fusion-column content-box-column content-box-column content-box-column-3 col-lg-6 col-md-6 col-sm-6 fusion-content-box-hover content-box-column-first-in-row\"><div class=\"col content-box-wrapper content-wrapper link-area-link-icon icon-hover-animation-fade\" data-animationOffset=\"top-into-view\"><div class=\"heading heading-with-icon icon-left\"><div class=\"icon\"><i style=\"background-color:transparent;border-color:transparent;height:auto;width: 32px;line-height:normal;font-size:32px;\" aria-hidden=\"true\" class=\"fontawesome-icon fa-calendar-alt far circle-no\"><\/i><\/div><h2 class=\"content-box-heading fusion-responsive-typography-calculated\" style=\"--h2_typography-font-size:18px;--fontSize:18;line-height:normal;padding-left:52px;\">Wie h\u00e4ufig werden die Newsletter versendet?<\/h2><\/div><div class=\"fusion-clearfix\"><\/div><div class=\"content-container\">\n<p>Die Frequenz\u00a0h\u00e4ngt von den Themen und den Entwicklungen bei der Digitalisierung ab. Jedoch m\u00f6chten wir Ihnen h\u00f6chstens zweimal im Monat einen Newsletter zukommen lassen.<\/p>\n<\/div><\/div><\/div><div style=\"--awb-backgroundcolor:rgba(255,255,255,0);--awb-content-padding-left:52px;\" class=\"fusion-column content-box-column content-box-column content-box-column-4 col-lg-6 col-md-6 col-sm-6 fusion-content-box-hover content-box-column-last-in-row\"><div class=\"col content-box-wrapper content-wrapper link-area-link-icon icon-hover-animation-fade\" data-animationOffset=\"top-into-view\"><div class=\"heading heading-with-icon icon-left\"><div class=\"icon\"><i style=\"background-color:transparent;border-color:transparent;height:auto;width: 32px;line-height:normal;font-size:32px;\" aria-hidden=\"true\" class=\"fontawesome-icon fa-chart-line fas circle-no\"><\/i><\/div><h2 class=\"content-box-heading fusion-responsive-typography-calculated\" style=\"--h2_typography-font-size:18px;--fontSize:18;line-height:normal;padding-left:52px;\">Statistiken und Erfolgsmessung<\/h2><\/div><div class=\"fusion-clearfix\"><\/div><div class=\"content-container\">\n<p>Um den Newsletter f\u00fcr Sie zu optimieren, willigen Sie in unsere Auswertung ein, mit der wir messen, wie h\u00e4ufig der Newsletter ge\u00f6ffnet wird und auf welche Links die Leser klicken.<\/p>\n<\/div><\/div><\/div><div style=\"--awb-backgroundcolor:rgba(255,255,255,0);--awb-content-padding-left:52px;\" class=\"fusion-column content-box-column content-box-column content-box-column-5 col-lg-6 col-md-6 col-sm-6 fusion-content-box-hover content-box-column-first-in-row\"><div class=\"col content-box-wrapper content-wrapper link-area-link-icon icon-hover-animation-fade\" data-animationOffset=\"top-into-view\"><div class=\"heading heading-with-icon icon-left\"><div class=\"icon\"><i style=\"background-color:transparent;border-color:transparent;height:auto;width: 32px;line-height:normal;font-size:32px;\" aria-hidden=\"true\" class=\"fontawesome-icon fa-laptop fas circle-no\"><\/i><\/div><h2 class=\"content-box-heading fusion-responsive-typography-calculated\" style=\"--h2_typography-font-size:18px;--fontSize:18;line-height:normal;padding-left:52px;\">Einsatz von INXMAIL<\/h2><\/div><div class=\"fusion-clearfix\"><\/div><div class=\"content-container\">\n<p>Der Versand der Newsletter erfolgt mittels INXMAIL, bei dem auch die E-Mailadressen und weitere Informationen zum Versand und zur Analyse der Newsletter gespeichert werden. Ihre Daten sind uns wichtig, daher haben wir mit CleverReach einen Datenverarbeitungsvertrag geschlossen.<\/p>\n<\/div><\/div><\/div><div style=\"--awb-backgroundcolor:rgba(255,255,255,0);--awb-content-padding-left:52px;\" class=\"fusion-column content-box-column content-box-column content-box-column-6 col-lg-6 col-md-6 col-sm-6 fusion-content-box-hover content-box-column-last content-box-column-last-in-row\"><div class=\"col content-box-wrapper content-wrapper link-area-link-icon icon-hover-animation-fade\" data-animationOffset=\"top-into-view\"><div class=\"heading heading-with-icon icon-left\"><div class=\"icon\"><i style=\"background-color:transparent;border-color:transparent;height:auto;width: 32px;line-height:normal;font-size:32px;\" aria-hidden=\"true\" class=\"fontawesome-icon fa-lock fas circle-no\"><\/i><\/div><h2 class=\"content-box-heading fusion-responsive-typography-calculated\" style=\"--h2_typography-font-size:18px;--fontSize:18;line-height:normal;padding-left:52px;\">Datenschutzhinweise<\/h2><\/div><div class=\"fusion-clearfix\"><\/div><div class=\"content-container\">\n<p>Ausf\u00fchrliche Informationen zum Versandverfahren und den Statistiken sowie zu Ihren Widerrufsm\u00f6glichkeiten erhalten Sie in unserer <a href=\"https:\/\/www.proxess.de\/datenschutzerklaerung\/\">Datenschutzerkl\u00e4rung<\/a>.<\/p>\n<\/div><\/div><\/div><div class=\"fusion-clearfix\"><\/div><\/div><div class=\"fusion-clearfix\"><\/div><\/div><\/div><\/div><\/div>\n<\/p>\n","protected":false},"excerpt":{"rendered":"","protected":false},"author":10,"featured_media":19246,"parent":0,"menu_order":110,"comment_status":"closed","ping_status":"closed","template":"100-width.php","meta":{"content-type":"","footnotes":""},"class_list":["post-45159","page","type-page","status-publish","has-post-thumbnail","hentry"],"yoast_head":"<!-- This site is optimized with the Yoast SEO plugin v27.4 - https:\/\/yoast.com\/product\/yoast-seo-wordpress\/ -->\n<title>Newsletter subscription - PROXESS<\/title>\n<meta name=\"description\" content=\"Our newsletter helps you to take advantage of the benefits of document digitisation and automation.\" \/>\n<meta name=\"robots\" content=\"index, follow, max-snippet:-1, max-image-preview:large, max-video-preview:-1\" \/>\n<link rel=\"canonical\" href=\"https:\/\/www.proxess.de\/en\/newsletter-subscription\/\" \/>\n<meta property=\"og:locale\" content=\"en_US\" \/>\n<meta property=\"og:type\" content=\"article\" \/>\n<meta property=\"og:title\" content=\"Newsletter subscription - PROXESS\" \/>\n<meta property=\"og:description\" content=\"Our newsletter helps you to take advantage of the benefits of document digitisation and automation.\" \/>\n<meta property=\"og:url\" content=\"https:\/\/www.proxess.de\/en\/newsletter-subscription\/\" \/>\n<meta property=\"og:site_name\" content=\"PROXESS\" \/>\n<meta property=\"article:publisher\" content=\"https:\/\/www.facebook.com\/proxess.de\/\" \/>\n<meta property=\"article:modified_time\" content=\"2026-02-06T15:15:08+00:00\" \/>\n<meta property=\"og:image\" content=\"https:\/\/www.proxess.de\/wp-content\/uploads\/2023\/08\/beitragsbild_newsletter-1024x576.jpg\" \/>\n\t<meta property=\"og:image:width\" content=\"1024\" \/>\n\t<meta property=\"og:image:height\" content=\"576\" \/>\n\t<meta property=\"og:image:type\" content=\"image\/jpeg\" \/>\n<meta name=\"twitter:card\" content=\"summary_large_image\" \/>\n<!-- \/ Yoast SEO plugin. -->","yoast_head_json":{"title":"Newsletter subscription - PROXESS","description":"Our newsletter helps you to take advantage of the benefits of document digitisation and automation.","robots":{"index":"index","follow":"follow","max-snippet":"max-snippet:-1","max-image-preview":"max-image-preview:large","max-video-preview":"max-video-preview:-1"},"canonical":"https:\/\/www.proxess.de\/en\/newsletter-subscription\/","og_locale":"en_US","og_type":"article","og_title":"Newsletter subscription - PROXESS","og_description":"Our newsletter helps you to take advantage of the benefits of document digitisation and automation.","og_url":"https:\/\/www.proxess.de\/en\/newsletter-subscription\/","og_site_name":"PROXESS","article_publisher":"https:\/\/www.facebook.com\/proxess.de\/","article_modified_time":"2026-02-06T15:15:08+00:00","og_image":[{"width":1024,"height":576,"url":"https:\/\/www.proxess.de\/wp-content\/uploads\/2023\/08\/beitragsbild_newsletter-1024x576.jpg","type":"image\/jpeg"}],"twitter_card":"summary_large_image","schema":{"@context":"https:\/\/schema.org","@graph":[{"@type":"WebPage","@id":"https:\/\/www.proxess.de\/en\/newsletter-subscription\/","url":"https:\/\/www.proxess.de\/en\/newsletter-subscription\/","name":"Newsletter subscription - PROXESS","isPartOf":{"@id":"https:\/\/www.proxess.de\/en\/#website"},"primaryImageOfPage":{"@id":"https:\/\/www.proxess.de\/en\/newsletter-subscription\/#primaryimage"},"image":{"@id":"https:\/\/www.proxess.de\/en\/newsletter-subscription\/#primaryimage"},"thumbnailUrl":"https:\/\/www.proxess.de\/wp-content\/uploads\/2023\/08\/beitragsbild_newsletter.jpg","datePublished":"2023-04-19T08:05:38+00:00","dateModified":"2026-02-06T15:15:08+00:00","description":"Our newsletter helps you to take advantage of the benefits of document digitisation and automation.","breadcrumb":{"@id":"https:\/\/www.proxess.de\/en\/newsletter-subscription\/#breadcrumb"},"inLanguage":"en-US","potentialAction":[{"@type":"ReadAction","target":["https:\/\/www.proxess.de\/en\/newsletter-subscription\/"]}]},{"@type":"ImageObject","inLanguage":"en-US","@id":"https:\/\/www.proxess.de\/en\/newsletter-subscription\/#primaryimage","url":"https:\/\/www.proxess.de\/wp-content\/uploads\/2023\/08\/beitragsbild_newsletter.jpg","contentUrl":"https:\/\/www.proxess.de\/wp-content\/uploads\/2023\/08\/beitragsbild_newsletter.jpg","width":1920,"height":1080},{"@type":"BreadcrumbList","@id":"https:\/\/www.proxess.de\/en\/newsletter-subscription\/#breadcrumb","itemListElement":[{"@type":"ListItem","position":1,"name":"Startseite","item":"https:\/\/www.proxess.de\/en\/"},{"@type":"ListItem","position":2,"name":"Newsletter subscription"}]},{"@type":"WebSite","@id":"https:\/\/www.proxess.de\/en\/#website","url":"https:\/\/www.proxess.de\/en\/","name":"PROXESS","description":"Shaping the digital document processes of tomorrow","publisher":{"@id":"https:\/\/www.proxess.de\/en\/#organization"},"potentialAction":[{"@type":"SearchAction","target":{"@type":"EntryPoint","urlTemplate":"https:\/\/www.proxess.de\/en\/?s={search_term_string}"},"query-input":{"@type":"PropertyValueSpecification","valueRequired":true,"valueName":"search_term_string"}}],"inLanguage":"en-US"},{"@type":"Organization","@id":"https:\/\/www.proxess.de\/en\/#organization","name":"PROXESS","url":"https:\/\/www.proxess.de\/en\/","logo":{"@type":"ImageObject","inLanguage":"en-US","@id":"https:\/\/www.proxess.de\/en\/#\/schema\/logo\/image\/","url":"https:\/\/www.proxess.de\/wp-content\/uploads\/2019\/03\/PROXESS_Logo_110px.png","contentUrl":"https:\/\/www.proxess.de\/wp-content\/uploads\/2019\/03\/PROXESS_Logo_110px.png","width":438,"height":110,"caption":"PROXESS"},"image":{"@id":"https:\/\/www.proxess.de\/en\/#\/schema\/logo\/image\/"},"sameAs":["https:\/\/www.facebook.com\/proxess.de\/","https:\/\/www.linkedin.com\/company\/proxess-de\/"]}]}},"_links":{"self":[{"href":"https:\/\/www.proxess.de\/en\/wp-json\/wp\/v2\/pages\/45159","targetHints":{"allow":["GET"]}}],"collection":[{"href":"https:\/\/www.proxess.de\/en\/wp-json\/wp\/v2\/pages"}],"about":[{"href":"https:\/\/www.proxess.de\/en\/wp-json\/wp\/v2\/types\/page"}],"author":[{"embeddable":true,"href":"https:\/\/www.proxess.de\/en\/wp-json\/wp\/v2\/users\/10"}],"replies":[{"embeddable":true,"href":"https:\/\/www.proxess.de\/en\/wp-json\/wp\/v2\/comments?post=45159"}],"version-history":[{"count":8,"href":"https:\/\/www.proxess.de\/en\/wp-json\/wp\/v2\/pages\/45159\/revisions"}],"predecessor-version":[{"id":45164,"href":"https:\/\/www.proxess.de\/en\/wp-json\/wp\/v2\/pages\/45159\/revisions\/45164"}],"wp:featuredmedia":[{"embeddable":true,"href":"https:\/\/www.proxess.de\/en\/wp-json\/wp\/v2\/media\/19246"}],"wp:attachment":[{"href":"https:\/\/www.proxess.de\/en\/wp-json\/wp\/v2\/media?parent=45159"}],"curies":[{"name":"wp","href":"https:\/\/api.w.org\/{rel}","templated":true}]}}