{"id":45236,"date":"2019-02-11T17:16:36","date_gmt":"2019-02-11T16:16:36","guid":{"rendered":"https:\/\/www.proxess.de\/newsletter-registration-almost-complete\/"},"modified":"2026-02-09T10:09:34","modified_gmt":"2026-02-09T09:09:34","slug":"newsletter-registration-almost-complete","status":"publish","type":"page","link":"https:\/\/www.proxess.de\/en\/newsletter-registration-almost-complete\/","title":{"rendered":"Newsletter registration almost complete"},"content":{"rendered":"<p><div class=\"fusion-fullwidth fullwidth-box fusion-builder-row-1 nonhundred-percent-fullwidth non-hundred-percent-height-scrolling fusion-equal-height-columns bg-px-gradient\" style=\"--awb-border-radius-top-left:0px;--awb-border-radius-top-right:0px;--awb-border-radius-bottom-right:0px;--awb-border-radius-bottom-left:0px;--awb-padding-top:3%;--awb-padding-bottom:3%;--awb-background-color:#eff6fb;--awb-flex-wrap:wrap;\" ><div class=\"fusion-builder-row fusion-row\"><div class=\"fusion-layout-column fusion_builder_column fusion-builder-column-0 fusion_builder_column_1_2 1_2 fusion-one-half fusion-column-first\" style=\"--awb-bg-size:cover;width:50%;width:calc(50% - ( ( 4% ) * 0.5 ) );margin-right: 4%;\"><div class=\"fusion-column-wrapper fusion-flex-column-wrapper-legacy\"><div class=\"fusion-column-content-centered\"><div class=\"fusion-column-content\"><div class=\"fusion-image-element fusion-image-align-center in-legacy-container\" style=\"text-align:center;--awb-caption-title-font-family:var(--h2_typography-font-family);--awb-caption-title-font-weight:var(--h2_typography-font-weight);--awb-caption-title-font-style:var(--h2_typography-font-style);--awb-caption-title-size:var(--h2_typography-font-size);--awb-caption-title-transform:var(--h2_typography-text-transform);--awb-caption-title-line-height:var(--h2_typography-line-height);--awb-caption-title-letter-spacing:var(--h2_typography-letter-spacing);\"><div class=\"imageframe-align-center\"><span class=\" fusion-imageframe imageframe-none imageframe-1 hover-type-none\"><img decoding=\"async\" src=\"https:\/\/www.proxess.de\/wp-content\/uploads\/2019\/02\/newsletter-illustration-proxess-600x258.png\" alt class=\"img-responsive\"\/><\/span><\/div><\/div><\/div><\/div><div class=\"fusion-clearfix\"><\/div><\/div><\/div><div class=\"fusion-layout-column fusion_builder_column fusion-builder-column-1 fusion_builder_column_1_2 1_2 fusion-one-half fusion-column-last\" style=\"--awb-bg-size:cover;width:50%;width:calc(50% - ( ( 4% ) * 0.5 ) );\"><div class=\"fusion-column-wrapper fusion-flex-column-wrapper-legacy\"><div class=\"fusion-column-content-centered\"><div class=\"fusion-column-content\"><div class=\"fusion-title title fusion-title-1 fusion-sep-none fusion-title-text fusion-title-size-one\" style=\"--awb-text-color:#ffffff;--awb-margin-top-small:0px;--awb-margin-right-small:0px;--awb-margin-bottom-small:20px;--awb-margin-left-small:0px;\"><h1 class=\"fusion-title-heading title-heading-left fusion-responsive-typography-calculated\" style=\"margin:0;--fontSize:34;line-height:normal;\">You&#8217;re almost there<\/h1><\/div><div class=\"fusion-sep-clear\"><\/div><div class=\"fusion-separator fusion-full-width-sep\" style=\"margin-left: auto;margin-right: auto;margin-bottom:31px;width:100%;\"><\/div><div class=\"fusion-sep-clear\"><\/div><div class=\"fusion-progressbar\" style=\"--awb-textcolor:#ffffff;--awb-height:50px;--awb-filledcolor:#bd0b25;--awb-unfilledcolor:#000000;--awb-filledbordersize:0px;--awb-maximum-value-wrapper-width:50%;\"><div class=\"fusion-progressbar-bar progress-bar progress-striped active\"><div class=\"progress progress-bar-content not-animated\" role=\"progressbar\" aria-labelledby=\"awb-progressbar-label-1\" aria-valuemin=\"0\" aria-valuemax=\"100\" aria-valuenow=\"50\" data-filling-speed=\"600\"><span class=\"progress-title awb-on-bar\"><span class=\"fusion-progressbar-text\" id=\"awb-progressbar-label-1\">50% &#8211; Just one more step!<\/span><\/span><\/div><span class=\"awb-pb-max-value-wrap awb-on-bar\"><span class=\"awb-pb-max-value-text\"><\/span><\/span><\/div><\/div><div class=\"fusion-sep-clear\"><\/div><div class=\"fusion-separator fusion-full-width-sep\" style=\"margin-left: auto;margin-right: auto;margin-bottom:31px;width:100%;\"><\/div><div class=\"fusion-sep-clear\"><\/div><div class=\"fusion-text fusion-text-1\"><p><span style=\"color: #ffffff;\">An email is currently on its way to your inbox. <\/span><br \/>Please confirm your registration via the link in the email.<br \/>We are delighted that you are using our service.<\/p>\n<\/div><\/div><\/div><div class=\"fusion-clearfix\"><\/div><\/div><\/div><\/div><\/div><div class=\"fusion-fullwidth fullwidth-box fusion-builder-row-2 nonhundred-percent-fullwidth non-hundred-percent-height-scrolling\" style=\"--awb-border-radius-top-left:0px;--awb-border-radius-top-right:0px;--awb-border-radius-bottom-right:0px;--awb-border-radius-bottom-left:0px;--awb-padding-top:3%;--awb-padding-bottom:3%;--awb-flex-wrap:wrap;\" ><div class=\"fusion-builder-row fusion-row\"><div class=\"fusion-layout-column fusion_builder_column fusion-builder-column-2 fusion_builder_column_1_1 1_1 fusion-one-full fusion-column-first fusion-column-last\" style=\"--awb-bg-blend:overlay;--awb-bg-size:cover;\"><div class=\"fusion-column-wrapper fusion-flex-column-wrapper-legacy\"><div class=\"fusion-title title fusion-title-2 fusion-sep-none fusion-title-text fusion-title-size-two\" style=\"--awb-margin-top-small:0px;--awb-margin-right-small:0px;--awb-margin-bottom-small:20px;--awb-margin-left-small:0px;\"><h2 class=\"fusion-title-heading title-heading-left fusion-responsive-typography-calculated\" style=\"margin:0;--fontSize:28;line-height:normal;\">Hinweise zum Inhalt des Newsletters, dem Versandverfahren und Statistiken<\/h2><\/div><div class=\"fusion-sep-clear\"><\/div><div class=\"fusion-separator fusion-full-width-sep\" style=\"margin-left: auto;margin-right: auto;margin-bottom:31px;width:100%;\"><\/div><div class=\"fusion-sep-clear\"><\/div><div class=\"fusion-content-boxes content-boxes columns row fusion-columns-2 fusion-columns-total-6 fusion-content-boxes-1 content-boxes-icon-on-side content-left\" style=\"--awb-hover-accent-color:#bd0b25;--awb-circle-hover-accent-color:transparent;\" data-animationOffset=\"top-into-view\"><div style=\"--awb-backgroundcolor:rgba(255,255,255,0);--awb-content-padding-left:52px;\" class=\"fusion-column content-box-column content-box-column content-box-column-1 col-lg-6 col-md-6 col-sm-6 fusion-content-box-hover content-box-column-first-in-row\"><div class=\"col content-box-wrapper content-wrapper link-area-link-icon icon-hover-animation-fade\" data-animationOffset=\"top-into-view\"><div class=\"heading heading-with-icon icon-left\"><div class=\"icon\"><i style=\"background-color:transparent;border-color:transparent;height:auto;width: 32px;line-height:normal;font-size:32px;\" aria-hidden=\"true\" class=\"fontawesome-icon fa-envelope-open far circle-no\"><\/i><\/div><h2 class=\"content-box-heading fusion-responsive-typography-calculated\" style=\"--h2_typography-font-size:18px;--fontSize:18;line-height:normal;padding-left:52px;\">Welche Inhalte erhalten Sie?<\/h2><\/div><div class=\"fusion-clearfix\"><\/div><div class=\"content-container\">\n<p>Mit unserem Newsletter erhalten Sie Informationen zu den Themen Dokumentenmanagement und Digitalisierung. Wir informieren Sie \u00fcber wertvolle Blogbeitr\u00e4ge, anstehende Webinare oder Veranstaltungen.<\/p>\n<\/div><\/div><\/div><div style=\"--awb-backgroundcolor:rgba(255,255,255,0);--awb-content-padding-left:52px;\" class=\"fusion-column content-box-column content-box-column content-box-column-2 col-lg-6 col-md-6 col-sm-6 fusion-content-box-hover content-box-column-last-in-row\"><div class=\"col content-box-wrapper content-wrapper link-area-link-icon icon-hover-animation-fade\" data-animationOffset=\"top-into-view\"><div class=\"heading heading-with-icon icon-left\"><div class=\"icon\"><i style=\"background-color:transparent;border-color:transparent;height:auto;width: 32px;line-height:normal;font-size:32px;\" aria-hidden=\"true\" class=\"fontawesome-icon fa-exchange-alt fas circle-no\"><\/i><\/div><h2 class=\"content-box-heading fusion-responsive-typography-calculated\" style=\"--h2_typography-font-size:18px;--fontSize:18;line-height:normal;padding-left:52px;\">Double-Opt-In und Opt-Out<\/h2><\/div><div class=\"fusion-clearfix\"><\/div><div class=\"content-container\">\n<p>Sie erhalten eine sogenannte Double-Opt-In-E-Mail, in der Sie um Best\u00e4tigung der Anmeldung gebeten werden.\u00a0Sie k\u00f6nnen dem Empfang der Newsletter jederzeit widersprechen (sog. Opt-Out). Einen Abmeldelink finden Sie in jedem Newsletter.<\/p>\n<\/div><\/div><\/div><div style=\"--awb-backgroundcolor:rgba(255,255,255,0);--awb-content-padding-left:52px;\" class=\"fusion-column content-box-column content-box-column content-box-column-3 col-lg-6 col-md-6 col-sm-6 fusion-content-box-hover content-box-column-first-in-row\"><div class=\"col content-box-wrapper content-wrapper link-area-link-icon icon-hover-animation-fade\" data-animationOffset=\"top-into-view\"><div class=\"heading heading-with-icon icon-left\"><div class=\"icon\"><i style=\"background-color:transparent;border-color:transparent;height:auto;width: 32px;line-height:normal;font-size:32px;\" aria-hidden=\"true\" class=\"fontawesome-icon fa-calendar-alt far circle-no\"><\/i><\/div><h2 class=\"content-box-heading fusion-responsive-typography-calculated\" style=\"--h2_typography-font-size:18px;--fontSize:18;line-height:normal;padding-left:52px;\">Wie h\u00e4ufig werden die Newsletter versendet?<\/h2><\/div><div class=\"fusion-clearfix\"><\/div><div class=\"content-container\">\n<p>Die Frequenz\u00a0h\u00e4ngt von den Themen und den Entwicklungen bei der Digitalisierung ab. Jedoch m\u00f6chten wir Ihnen h\u00f6chstens zweimal im Monat einen Newsletter zukommen lassen.<\/p>\n<\/div><\/div><\/div><div style=\"--awb-backgroundcolor:rgba(255,255,255,0);--awb-content-padding-left:52px;\" class=\"fusion-column content-box-column content-box-column content-box-column-4 col-lg-6 col-md-6 col-sm-6 fusion-content-box-hover content-box-column-last-in-row\"><div class=\"col content-box-wrapper content-wrapper link-area-link-icon icon-hover-animation-fade\" data-animationOffset=\"top-into-view\"><div class=\"heading heading-with-icon icon-left\"><div class=\"icon\"><i style=\"background-color:transparent;border-color:transparent;height:auto;width: 32px;line-height:normal;font-size:32px;\" aria-hidden=\"true\" class=\"fontawesome-icon fa-chart-line fas circle-no\"><\/i><\/div><h2 class=\"content-box-heading fusion-responsive-typography-calculated\" style=\"--h2_typography-font-size:18px;--fontSize:18;line-height:normal;padding-left:52px;\">Statistiken und Erfolgsmessung<\/h2><\/div><div class=\"fusion-clearfix\"><\/div><div class=\"content-container\">\n<p>Um den Newsletter f\u00fcr Sie zu optimieren, willigen Sie in unsere Auswertung ein, mit der wir messen, wie h\u00e4ufig der Newsletter ge\u00f6ffnet wird und auf welche Links die Leser klicken.<\/p>\n<\/div><\/div><\/div><div style=\"--awb-backgroundcolor:rgba(255,255,255,0);--awb-content-padding-left:52px;\" class=\"fusion-column content-box-column content-box-column content-box-column-5 col-lg-6 col-md-6 col-sm-6 fusion-content-box-hover content-box-column-first-in-row\"><div class=\"col content-box-wrapper content-wrapper link-area-link-icon icon-hover-animation-fade\" data-animationOffset=\"top-into-view\"><div class=\"heading heading-with-icon icon-left\"><div class=\"icon\"><i style=\"background-color:transparent;border-color:transparent;height:auto;width: 32px;line-height:normal;font-size:32px;\" aria-hidden=\"true\" class=\"fontawesome-icon fa-laptop fas circle-no\"><\/i><\/div><h2 class=\"content-box-heading fusion-responsive-typography-calculated\" style=\"--h2_typography-font-size:18px;--fontSize:18;line-height:normal;padding-left:52px;\">Einsatz von INXMAIL<\/h2><\/div><div class=\"fusion-clearfix\"><\/div><div class=\"content-container\">\n<p>Der Versand der Newsletter erfolgt mittels INXMAIL, bei dem auch die E-Mailadressen und weitere Informationen zum Versand und zur Analyse der Newsletter gespeichert werden. Ihre Daten sind uns wichtig, daher haben wir mit CleverReach einen Datenverarbeitungsvertrag geschlossen.<\/p>\n<\/div><\/div><\/div><div style=\"--awb-backgroundcolor:rgba(255,255,255,0);--awb-content-padding-left:52px;\" class=\"fusion-column content-box-column content-box-column content-box-column-6 col-lg-6 col-md-6 col-sm-6 fusion-content-box-hover content-box-column-last content-box-column-last-in-row\"><div class=\"col content-box-wrapper content-wrapper link-area-link-icon icon-hover-animation-fade\" data-animationOffset=\"top-into-view\"><div class=\"heading heading-with-icon icon-left\"><div class=\"icon\"><i style=\"background-color:transparent;border-color:transparent;height:auto;width: 32px;line-height:normal;font-size:32px;\" aria-hidden=\"true\" class=\"fontawesome-icon fa-lock fas circle-no\"><\/i><\/div><h2 class=\"content-box-heading fusion-responsive-typography-calculated\" style=\"--h2_typography-font-size:18px;--fontSize:18;line-height:normal;padding-left:52px;\">Datenschutzhinweise<\/h2><\/div><div class=\"fusion-clearfix\"><\/div><div class=\"content-container\">\n<p>Ausf\u00fchrliche Informationen zum Versandverfahren und den Statistiken sowie zu Ihren Widerrufsm\u00f6glichkeiten erhalten Sie in unserer <a href=\"https:\/\/www.proxess.de\/datenschutzerklaerung\/\">Datenschutzerkl\u00e4rung<\/a>.<\/p>\n<\/div><\/div><\/div><div class=\"fusion-clearfix\"><\/div><\/div><div class=\"fusion-clearfix\"><\/div><\/div><\/div><\/div><\/div>\n<\/p>\n","protected":false},"excerpt":{"rendered":"","protected":false},"author":10,"featured_media":0,"parent":0,"menu_order":116,"comment_status":"closed","ping_status":"closed","template":"100-width.php","meta":{"content-type":"","footnotes":""},"class_list":["post-45236","page","type-page","status-publish","hentry"],"yoast_head":"<!-- This site is optimized with the Yoast SEO plugin v27.4 - https:\/\/yoast.com\/product\/yoast-seo-wordpress\/ -->\n<title>Newsletter registration almost complete - PROXESS<\/title>\n<meta name=\"robots\" content=\"index, follow, max-snippet:-1, max-image-preview:large, max-video-preview:-1\" \/>\n<link rel=\"canonical\" href=\"https:\/\/www.proxess.de\/en\/newsletter-registration-almost-complete\/\" \/>\n<meta property=\"og:locale\" content=\"en_US\" \/>\n<meta property=\"og:type\" content=\"article\" \/>\n<meta property=\"og:title\" content=\"Newsletter registration almost complete - PROXESS\" \/>\n<meta property=\"og:url\" content=\"https:\/\/www.proxess.de\/en\/newsletter-registration-almost-complete\/\" \/>\n<meta property=\"og:site_name\" content=\"PROXESS\" \/>\n<meta property=\"article:publisher\" content=\"https:\/\/www.facebook.com\/proxess.de\/\" \/>\n<meta property=\"article:modified_time\" content=\"2026-02-09T09:09:34+00:00\" \/>\n<meta property=\"og:image\" content=\"https:\/\/www.proxess.de\/wp-content\/uploads\/2019\/08\/header-office-blur-proxess-dokumentenmanagement.jpg\" \/>\n\t<meta property=\"og:image:width\" content=\"1920\" \/>\n\t<meta property=\"og:image:height\" content=\"960\" \/>\n\t<meta property=\"og:image:type\" content=\"image\/jpeg\" \/>\n<meta name=\"twitter:card\" content=\"summary_large_image\" \/>\n<!-- \/ Yoast SEO plugin. -->","yoast_head_json":{"title":"Newsletter registration almost complete - PROXESS","robots":{"index":"index","follow":"follow","max-snippet":"max-snippet:-1","max-image-preview":"max-image-preview:large","max-video-preview":"max-video-preview:-1"},"canonical":"https:\/\/www.proxess.de\/en\/newsletter-registration-almost-complete\/","og_locale":"en_US","og_type":"article","og_title":"Newsletter registration almost complete - PROXESS","og_url":"https:\/\/www.proxess.de\/en\/newsletter-registration-almost-complete\/","og_site_name":"PROXESS","article_publisher":"https:\/\/www.facebook.com\/proxess.de\/","article_modified_time":"2026-02-09T09:09:34+00:00","og_image":[{"width":1920,"height":960,"url":"https:\/\/www.proxess.de\/wp-content\/uploads\/2019\/08\/header-office-blur-proxess-dokumentenmanagement.jpg","type":"image\/jpeg"}],"twitter_card":"summary_large_image","schema":{"@context":"https:\/\/schema.org","@graph":[{"@type":"WebPage","@id":"https:\/\/www.proxess.de\/en\/newsletter-registration-almost-complete\/","url":"https:\/\/www.proxess.de\/en\/newsletter-registration-almost-complete\/","name":"Newsletter registration almost complete - PROXESS","isPartOf":{"@id":"https:\/\/www.proxess.de\/en\/#website"},"datePublished":"2019-02-11T16:16:36+00:00","dateModified":"2026-02-09T09:09:34+00:00","breadcrumb":{"@id":"https:\/\/www.proxess.de\/en\/newsletter-registration-almost-complete\/#breadcrumb"},"inLanguage":"en-US","potentialAction":[{"@type":"ReadAction","target":["https:\/\/www.proxess.de\/en\/newsletter-registration-almost-complete\/"]}]},{"@type":"BreadcrumbList","@id":"https:\/\/www.proxess.de\/en\/newsletter-registration-almost-complete\/#breadcrumb","itemListElement":[{"@type":"ListItem","position":1,"name":"Startseite","item":"https:\/\/www.proxess.de\/en\/"},{"@type":"ListItem","position":2,"name":"Newsletter registration almost complete"}]},{"@type":"WebSite","@id":"https:\/\/www.proxess.de\/en\/#website","url":"https:\/\/www.proxess.de\/en\/","name":"PROXESS","description":"Shaping the digital document processes of tomorrow","publisher":{"@id":"https:\/\/www.proxess.de\/en\/#organization"},"potentialAction":[{"@type":"SearchAction","target":{"@type":"EntryPoint","urlTemplate":"https:\/\/www.proxess.de\/en\/?s={search_term_string}"},"query-input":{"@type":"PropertyValueSpecification","valueRequired":true,"valueName":"search_term_string"}}],"inLanguage":"en-US"},{"@type":"Organization","@id":"https:\/\/www.proxess.de\/en\/#organization","name":"PROXESS","url":"https:\/\/www.proxess.de\/en\/","logo":{"@type":"ImageObject","inLanguage":"en-US","@id":"https:\/\/www.proxess.de\/en\/#\/schema\/logo\/image\/","url":"https:\/\/www.proxess.de\/wp-content\/uploads\/2019\/03\/PROXESS_Logo_110px.png","contentUrl":"https:\/\/www.proxess.de\/wp-content\/uploads\/2019\/03\/PROXESS_Logo_110px.png","width":438,"height":110,"caption":"PROXESS"},"image":{"@id":"https:\/\/www.proxess.de\/en\/#\/schema\/logo\/image\/"},"sameAs":["https:\/\/www.facebook.com\/proxess.de\/","https:\/\/www.linkedin.com\/company\/proxess-de\/"]}]}},"_links":{"self":[{"href":"https:\/\/www.proxess.de\/en\/wp-json\/wp\/v2\/pages\/45236","targetHints":{"allow":["GET"]}}],"collection":[{"href":"https:\/\/www.proxess.de\/en\/wp-json\/wp\/v2\/pages"}],"about":[{"href":"https:\/\/www.proxess.de\/en\/wp-json\/wp\/v2\/types\/page"}],"author":[{"embeddable":true,"href":"https:\/\/www.proxess.de\/en\/wp-json\/wp\/v2\/users\/10"}],"replies":[{"embeddable":true,"href":"https:\/\/www.proxess.de\/en\/wp-json\/wp\/v2\/comments?post=45236"}],"version-history":[{"count":7,"href":"https:\/\/www.proxess.de\/en\/wp-json\/wp\/v2\/pages\/45236\/revisions"}],"predecessor-version":[{"id":45243,"href":"https:\/\/www.proxess.de\/en\/wp-json\/wp\/v2\/pages\/45236\/revisions\/45243"}],"wp:attachment":[{"href":"https:\/\/www.proxess.de\/en\/wp-json\/wp\/v2\/media?parent=45236"}],"curies":[{"name":"wp","href":"https:\/\/api.w.org\/{rel}","templated":true}]}}