{"id":45411,"date":"2021-12-06T10:56:32","date_gmt":"2021-12-06T09:56:32","guid":{"rendered":"https:\/\/www.proxess.de\/portfolio-our-partners\/"},"modified":"2026-02-18T12:25:28","modified_gmt":"2026-02-18T11:25:28","slug":"portfolio-our-partners","status":"publish","type":"page","link":"https:\/\/www.proxess.de\/en\/portfolio-our-partners\/","title":{"rendered":"Portfolio &#8211; Our partners"},"content":{"rendered":"<p><div class=\"fusion-fullwidth fullwidth-box fusion-builder-row-1 has-pattern-background has-mask-background nonhundred-percent-fullwidth non-hundred-percent-height-scrolling fusion-equal-height-columns\" style=\"--awb-background-position:center top;--awb-border-radius-top-left:0px;--awb-border-radius-top-right:0px;--awb-border-radius-bottom-right:0px;--awb-border-radius-bottom-left:0px;--awb-padding-top:0px;--awb-padding-bottom:0px;--awb-background-image:linear-gradient(45deg, #0080c8 30%,#52a445 100%);--awb-flex-wrap:wrap;\" ><div class=\"fusion-builder-row fusion-row\"><div class=\"fusion-layout-column fusion_builder_column fusion-builder-column-0 fusion_builder_column_1_2 1_2 fusion-one-half fusion-column-first\" style=\"--awb-bg-image:url(&#039;https:\/\/www.proxess.de\/wp-content\/uploads\/2023\/10\/beitragsbild_proxess-partnerprogramm-1.jpg&#039;);--awb-bg-position:center center;--awb-bg-size:cover;--awb-margin-bottom:0px;width:50%;width:calc(50% - ( ( 4% ) * 0.5 ) );margin-right: 4%;\" data-scroll-devices=\"small-visibility,medium-visibility,large-visibility\"><div class=\"fusion-column-wrapper fusion-column-has-shadow fusion-flex-column-wrapper-legacy fusion-column-has-bg-image\" data-bg-url=\"https:\/\/www.proxess.de\/wp-content\/uploads\/2023\/10\/beitragsbild_proxess-partnerprogramm-1.jpg\"><div class=\"fusion-column-content-centered\"><div class=\"fusion-column-content\"><div class=\"fusion-sep-clear\"><\/div><div class=\"fusion-separator fusion-full-width-sep\" style=\"margin-left: auto;margin-right: auto;margin-top:32%;margin-bottom:32%;width:100%;\"><\/div><div class=\"fusion-sep-clear\"><\/div><\/div><\/div><div class=\"fusion-clearfix\"><\/div><\/div><\/div><div class=\"fusion-layout-column fusion_builder_column fusion-builder-column-1 fusion_builder_column_1_2 1_2 fusion-one-half fusion-column-last\" style=\"--awb-padding-top:30px;--awb-padding-bottom:30px;--awb-bg-size:cover;--awb-margin-bottom:0px;width:50%;width:calc(50% - ( ( 4% ) * 0.5 ) );\"><div class=\"fusion-column-wrapper fusion-column-has-shadow fusion-flex-column-wrapper-legacy\"><div class=\"fusion-column-content-centered\"><div class=\"fusion-column-content\"><div class=\"fusion-title title fusion-title-1 fusion-sep-none fusion-title-text fusion-title-size-one\" style=\"--awb-text-color:#ffffff;--awb-margin-top-small:0px;--awb-margin-right-small:0px;--awb-margin-bottom-small:20px;--awb-margin-left-small:0px;\"><h1 class=\"fusion-title-heading title-heading-left fusion-responsive-typography-calculated\" style=\"margin:0;--fontSize:34;line-height:normal;\">Partner f\u00fcr Ihre digitale Transformation<\/h1><\/div><div class=\"fusion-text fusion-text-1\" style=\"--awb-text-transform:none;\"><p><span style=\"color: #ffffff;\"> Wir arbeiten mit ausgew\u00e4hlten Branchen- und Technologiepartnern zusammen. Ein gutes Partnernetzwerk st\u00e4rkt St\u00e4rken und schafft Synergien. Durch unser Partnernetzwerk erfahren Sie, wie wertvoll es ist, wenn Kompetenzen sich perfekt erg\u00e4nzen.<\/span><\/p>\n<\/div><\/div><\/div><div class=\"fusion-clearfix\"><\/div><\/div><\/div><\/div><\/div>\n<div class=\"fusion-fullwidth fullwidth-box fusion-builder-row-2 fusion-flex-container has-pattern-background has-mask-background nonhundred-percent-fullwidth non-hundred-percent-height-scrolling\" style=\"--awb-border-radius-top-left:0px;--awb-border-radius-top-right:0px;--awb-border-radius-bottom-right:0px;--awb-border-radius-bottom-left:0px;--awb-padding-top:30px;--awb-flex-wrap:wrap;\" ><div class=\"fusion-builder-row fusion-row fusion-flex-align-items-flex-start fusion-flex-content-wrap\" style=\"max-width:1456px;margin-left: calc(-4% \/ 2 );margin-right: calc(-4% \/ 2 );\"><div class=\"fusion-layout-column fusion_builder_column fusion-builder-column-2 fusion_builder_column_1_1 1_1 fusion-flex-column\" style=\"--awb-bg-size:cover;--awb-width-large:100%;--awb-margin-top-large:0px;--awb-spacing-right-large:1.92%;--awb-margin-bottom-large:20px;--awb-spacing-left-large:1.92%;--awb-width-medium:100%;--awb-order-medium:0;--awb-spacing-right-medium:1.92%;--awb-spacing-left-medium:1.92%;--awb-width-small:100%;--awb-order-small:0;--awb-spacing-right-small:1.92%;--awb-spacing-left-small:1.92%;\"><div class=\"fusion-column-wrapper fusion-column-has-shadow fusion-flex-justify-content-flex-start fusion-content-layout-column\"><style type=\"text\/css\">.fusion-portfolio-wrapper#fusion-portfolio-1 .fusion-portfolio-content{ padding: 25px 25px 25px 25px; text-align: left; }<\/style><div class=\"fusion-recent-works fusion-portfolio-element fusion-portfolio fusion-portfolio-1 fusion-portfolio-grid fusion-portfolio-paging-infinite fusion-portfolio-five fusion-portfolio-boxed fusion-portfolio-text fusion-portfolio-equal-heights fusion-portfolio-rollover\" data-id=\"-rw-1\" data-columns=\"five\"><div><ul class=\"fusion-filters\" role=\"menu\" aria-label=\"Portfolio Filters\"><li role=\"presentation\" class=\"fusion-filter fusion-filter-all fusion-active\"><a href=\"#\" data-filter=\"*\" role=\"menuitem\">All<\/a><\/li><li role=\"presentation\" class=\"fusion-filter fusion-hidden\"><a href=\"#\" data-filter=\".apps\" role=\"menuitem\">Apps<\/a><\/li><li role=\"presentation\" class=\"fusion-filter fusion-hidden\"><a href=\"#\" data-filter=\".dienstleister\" role=\"menuitem\">Kooperationen<\/a><\/li><\/ul><\/div><style type=\"text\/css\">.fusion-portfolio-1 .fusion-portfolio-wrapper .fusion-col-spacing{padding:10px;}<\/style><div class=\"fusion-portfolio-wrapper\" id=\"fusion-portfolio-1\" data-picturesize=\"auto\" data-pages=\"0\" style=\"margin:-10px;\"><article id=\"portfolio-1-post-45417\" class=\"fusion-portfolio-post dienstleister fusion-col-spacing post-45417\"><div class=\"fusion-portfolio-content-wrapper\" style=\"border:1px solid #c7c7c7;border-bottom-width:3px;background-color:rgba(255,255,255,0);\"><span class=\"vcard rich-snippet-hidden\"><span class=\"fn\"><a href=\"https:\/\/www.proxess.de\/en\/author\/s-ahlgrimproxess-de\/\" title=\"Posts by Sabine Ahlgrim\" rel=\"author\">Sabine Ahlgrim<\/a><\/span><\/span><span class=\"updated rich-snippet-hidden\">2026-03-02T09:59:34+01:00<\/span><div  class=\"fusion-image-wrapper\" aria-haspopup=\"true\">\n\t\t\t\t<img decoding=\"async\" width=\"350\" height=\"175\" src=\"https:\/\/www.proxess.de\/wp-content\/uploads\/2024\/05\/logo_partner_fast_lta_350x175.png\" class=\"attachment-full size-full wp-post-image\" alt=\"\" srcset=\"https:\/\/www.proxess.de\/wp-content\/uploads\/2024\/05\/logo_partner_fast_lta_350x175-200x100.png 200w, https:\/\/www.proxess.de\/wp-content\/uploads\/2024\/05\/logo_partner_fast_lta_350x175.png 350w\" sizes=\"(min-width: 2200px) 100vw, (min-width: 928px) 264px, (min-width: 856px) 330px, (min-width: 784px) 440px, (min-width: 712px) 660px, (min-width: 640px) 712px, \" \/><div class=\"fusion-rollover\">\n\t<div class=\"fusion-rollover-content\">\n\n\t\t\t\t\t\t\t\t\t\t\t\t\t\t<a class=\"fusion-rollover-link\" href=\"https:\/\/www.proxess.de\/en\/partner-items\/fast-lta-gmbh\/\">FAST LTA GmbH<\/a>\n\t\t\t\n\t\t\t\t\t\t\t\t\n\t\t\n\t\t\t\t\t\t\t\t\n\t\t\t\t\t\t\t\t\n\t\t\n\t\t\t\t\t\t<a class=\"fusion-link-wrapper\" href=\"https:\/\/www.proxess.de\/en\/partner-items\/fast-lta-gmbh\/\" aria-label=\"FAST LTA GmbH\"><\/a>\n\t<\/div>\n<\/div>\n<\/div>\n<div class=\"fusion-portfolio-content\" style=\"background-color:rgba(255,255,255,0);\"><h2 class=\"entry-title fusion-post-title\"><a href=\"https:\/\/www.proxess.de\/en\/partner-items\/fast-lta-gmbh\/\">FAST LTA GmbH<\/a><\/h2><div class=\"fusion-portfolio-meta\"><a href=\"https:\/\/www.proxess.de\/en\/partner-kategorie\/dienstleister\/\" rel=\"tag\">Kooperationen<\/a><\/div><div class=\"fusion-post-content\"><\/div><\/div><\/div><\/article><article id=\"portfolio-1-post-45419\" class=\"fusion-portfolio-post dienstleister fusion-col-spacing post-45419\"><div class=\"fusion-portfolio-content-wrapper\" style=\"border:1px solid #c7c7c7;border-bottom-width:3px;background-color:rgba(255,255,255,0);\"><span class=\"vcard rich-snippet-hidden\"><span class=\"fn\"><a href=\"https:\/\/www.proxess.de\/en\/author\/s-ahlgrimproxess-de\/\" title=\"Posts by Sabine Ahlgrim\" rel=\"author\">Sabine Ahlgrim<\/a><\/span><\/span><span class=\"updated rich-snippet-hidden\">2026-02-17T13:46:58+01:00<\/span><div  class=\"fusion-image-wrapper\" aria-haspopup=\"true\">\n\t\t\t\t<img decoding=\"async\" width=\"350\" height=\"175\" src=\"https:\/\/www.proxess.de\/wp-content\/uploads\/2023\/11\/logo_partner_ProDigital_350x175-1.png\" class=\"attachment-full size-full wp-post-image\" alt=\"\" srcset=\"https:\/\/www.proxess.de\/wp-content\/uploads\/2023\/11\/logo_partner_ProDigital_350x175-1-200x100.png 200w, https:\/\/www.proxess.de\/wp-content\/uploads\/2023\/11\/logo_partner_ProDigital_350x175-1.png 350w\" sizes=\"(min-width: 2200px) 100vw, (min-width: 928px) 264px, (min-width: 856px) 330px, (min-width: 784px) 440px, (min-width: 712px) 660px, (min-width: 640px) 712px, \" \/><div class=\"fusion-rollover\">\n\t<div class=\"fusion-rollover-content\">\n\n\t\t\t\t\t\t\t\t\t\t\t\t\t\t<a class=\"fusion-rollover-link\" href=\"https:\/\/www.proxess.de\/en\/partner-items\/prodigital-unternehmensberatung\/\">ProDigital Unternehmensberatung<\/a>\n\t\t\t\n\t\t\t\t\t\t\t\t\n\t\t\n\t\t\t\t\t\t\t\t\n\t\t\t\t\t\t\t\t\n\t\t\n\t\t\t\t\t\t<a class=\"fusion-link-wrapper\" href=\"https:\/\/www.proxess.de\/en\/partner-items\/prodigital-unternehmensberatung\/\" aria-label=\"ProDigital Unternehmensberatung\"><\/a>\n\t<\/div>\n<\/div>\n<\/div>\n<div class=\"fusion-portfolio-content\" style=\"background-color:rgba(255,255,255,0);\"><h2 class=\"entry-title fusion-post-title\"><a href=\"https:\/\/www.proxess.de\/en\/partner-items\/prodigital-unternehmensberatung\/\">ProDigital Unternehmensberatung<\/a><\/h2><div class=\"fusion-portfolio-meta\"><a href=\"https:\/\/www.proxess.de\/en\/partner-kategorie\/dienstleister\/\" rel=\"tag\">Kooperationen<\/a><\/div><div class=\"fusion-post-content\"><\/div><\/div><\/div><\/article><article id=\"portfolio-1-post-45427\" class=\"fusion-portfolio-post apps fusion-col-spacing post-45427\"><div class=\"fusion-portfolio-content-wrapper\" style=\"border:1px solid #c7c7c7;border-bottom-width:3px;background-color:rgba(255,255,255,0);\"><span class=\"vcard rich-snippet-hidden\"><span class=\"fn\"><a href=\"https:\/\/www.proxess.de\/en\/author\/s-ahlgrimproxess-de\/\" title=\"Posts by Sabine Ahlgrim\" rel=\"author\">Sabine Ahlgrim<\/a><\/span><\/span><span class=\"updated rich-snippet-hidden\">2026-02-17T13:50:18+01:00<\/span><div  class=\"fusion-image-wrapper\" aria-haspopup=\"true\">\n\t\t\t\t<img decoding=\"async\" width=\"350\" height=\"175\" src=\"https:\/\/www.proxess.de\/wp-content\/uploads\/2023\/04\/logo_partner_xitrust_350x175.png\" class=\"attachment-full size-full wp-post-image\" alt=\"\" srcset=\"https:\/\/www.proxess.de\/wp-content\/uploads\/2023\/04\/logo_partner_xitrust_350x175-200x100.png 200w, https:\/\/www.proxess.de\/wp-content\/uploads\/2023\/04\/logo_partner_xitrust_350x175.png 350w\" sizes=\"(min-width: 2200px) 100vw, (min-width: 928px) 264px, (min-width: 856px) 330px, (min-width: 784px) 440px, (min-width: 712px) 660px, (min-width: 640px) 712px, \" \/><div class=\"fusion-rollover\">\n\t<div class=\"fusion-rollover-content\">\n\n\t\t\t\t\t\t\t\t\t\t\t\t\t\t<a class=\"fusion-rollover-link\" href=\"https:\/\/www.proxess.de\/en\/partner-items\/xitrust-secure-technologies-gmbh\/\">XiTrust Secure Technologies GmbH<\/a>\n\t\t\t\n\t\t\t\t\t\t\t\t\n\t\t\n\t\t\t\t\t\t\t\t\n\t\t\t\t\t\t\t\t\n\t\t\n\t\t\t\t\t\t<a class=\"fusion-link-wrapper\" href=\"https:\/\/www.proxess.de\/en\/partner-items\/xitrust-secure-technologies-gmbh\/\" aria-label=\"XiTrust Secure Technologies GmbH\"><\/a>\n\t<\/div>\n<\/div>\n<\/div>\n<div class=\"fusion-portfolio-content\" style=\"background-color:rgba(255,255,255,0);\"><h2 class=\"entry-title fusion-post-title\"><a href=\"https:\/\/www.proxess.de\/en\/partner-items\/xitrust-secure-technologies-gmbh\/\">XiTrust Secure Technologies GmbH<\/a><\/h2><div class=\"fusion-portfolio-meta\"><a href=\"https:\/\/www.proxess.de\/en\/partner-kategorie\/apps\/\" rel=\"tag\">Apps<\/a><\/div><div class=\"fusion-post-content\"><\/div><\/div><\/div><\/article><\/div><\/div><\/div><\/div><\/div><\/div><\/p>\n","protected":false},"excerpt":{"rendered":"","protected":false},"author":8,"featured_media":0,"parent":0,"menu_order":5,"comment_status":"closed","ping_status":"closed","template":"100-width.php","meta":{"content-type":"","footnotes":""},"class_list":["post-45411","page","type-page","status-publish","hentry"],"yoast_head":"<!-- This site is optimized with the Yoast SEO plugin v27.4 - https:\/\/yoast.com\/product\/yoast-seo-wordpress\/ -->\n<title>Portfolio - Our partners - PROXESS<\/title>\n<meta name=\"robots\" content=\"index, follow, max-snippet:-1, max-image-preview:large, max-video-preview:-1\" \/>\n<link rel=\"canonical\" href=\"https:\/\/www.proxess.de\/en\/portfolio-our-partners\/\" \/>\n<meta property=\"og:locale\" content=\"en_US\" \/>\n<meta property=\"og:type\" content=\"article\" \/>\n<meta property=\"og:title\" content=\"Portfolio - Our partners - PROXESS\" \/>\n<meta property=\"og:url\" content=\"https:\/\/www.proxess.de\/en\/portfolio-our-partners\/\" \/>\n<meta property=\"og:site_name\" content=\"PROXESS\" \/>\n<meta property=\"article:publisher\" content=\"https:\/\/www.facebook.com\/proxess.de\/\" \/>\n<meta property=\"article:modified_time\" content=\"2026-02-18T11:25:28+00:00\" \/>\n<meta property=\"og:image\" content=\"https:\/\/www.proxess.de\/wp-content\/uploads\/2019\/08\/header-office-blur-proxess-dokumentenmanagement.jpg\" \/>\n\t<meta property=\"og:image:width\" content=\"1920\" \/>\n\t<meta property=\"og:image:height\" content=\"960\" \/>\n\t<meta property=\"og:image:type\" content=\"image\/jpeg\" \/>\n<meta name=\"twitter:card\" content=\"summary_large_image\" \/>\n<!-- \/ Yoast SEO plugin. -->","yoast_head_json":{"title":"Portfolio - Our partners - PROXESS","robots":{"index":"index","follow":"follow","max-snippet":"max-snippet:-1","max-image-preview":"max-image-preview:large","max-video-preview":"max-video-preview:-1"},"canonical":"https:\/\/www.proxess.de\/en\/portfolio-our-partners\/","og_locale":"en_US","og_type":"article","og_title":"Portfolio - Our partners - PROXESS","og_url":"https:\/\/www.proxess.de\/en\/portfolio-our-partners\/","og_site_name":"PROXESS","article_publisher":"https:\/\/www.facebook.com\/proxess.de\/","article_modified_time":"2026-02-18T11:25:28+00:00","og_image":[{"width":1920,"height":960,"url":"https:\/\/www.proxess.de\/wp-content\/uploads\/2019\/08\/header-office-blur-proxess-dokumentenmanagement.jpg","type":"image\/jpeg"}],"twitter_card":"summary_large_image","schema":{"@context":"https:\/\/schema.org","@graph":[{"@type":"WebPage","@id":"https:\/\/www.proxess.de\/en\/portfolio-our-partners\/","url":"https:\/\/www.proxess.de\/en\/portfolio-our-partners\/","name":"Portfolio - Our partners - PROXESS","isPartOf":{"@id":"https:\/\/www.proxess.de\/en\/#website"},"datePublished":"2021-12-06T09:56:32+00:00","dateModified":"2026-02-18T11:25:28+00:00","breadcrumb":{"@id":"https:\/\/www.proxess.de\/en\/portfolio-our-partners\/#breadcrumb"},"inLanguage":"en-US","potentialAction":[{"@type":"ReadAction","target":["https:\/\/www.proxess.de\/en\/portfolio-our-partners\/"]}]},{"@type":"BreadcrumbList","@id":"https:\/\/www.proxess.de\/en\/portfolio-our-partners\/#breadcrumb","itemListElement":[{"@type":"ListItem","position":1,"name":"Startseite","item":"https:\/\/www.proxess.de\/en\/"},{"@type":"ListItem","position":2,"name":"Portfolio &#8211; Our partners"}]},{"@type":"WebSite","@id":"https:\/\/www.proxess.de\/en\/#website","url":"https:\/\/www.proxess.de\/en\/","name":"PROXESS","description":"Shaping the digital document processes of tomorrow","publisher":{"@id":"https:\/\/www.proxess.de\/en\/#organization"},"potentialAction":[{"@type":"SearchAction","target":{"@type":"EntryPoint","urlTemplate":"https:\/\/www.proxess.de\/en\/?s={search_term_string}"},"query-input":{"@type":"PropertyValueSpecification","valueRequired":true,"valueName":"search_term_string"}}],"inLanguage":"en-US"},{"@type":"Organization","@id":"https:\/\/www.proxess.de\/en\/#organization","name":"PROXESS","url":"https:\/\/www.proxess.de\/en\/","logo":{"@type":"ImageObject","inLanguage":"en-US","@id":"https:\/\/www.proxess.de\/en\/#\/schema\/logo\/image\/","url":"https:\/\/www.proxess.de\/wp-content\/uploads\/2019\/03\/PROXESS_Logo_110px.png","contentUrl":"https:\/\/www.proxess.de\/wp-content\/uploads\/2019\/03\/PROXESS_Logo_110px.png","width":438,"height":110,"caption":"PROXESS"},"image":{"@id":"https:\/\/www.proxess.de\/en\/#\/schema\/logo\/image\/"},"sameAs":["https:\/\/www.facebook.com\/proxess.de\/","https:\/\/www.linkedin.com\/company\/proxess-de\/"]}]}},"_links":{"self":[{"href":"https:\/\/www.proxess.de\/en\/wp-json\/wp\/v2\/pages\/45411","targetHints":{"allow":["GET"]}}],"collection":[{"href":"https:\/\/www.proxess.de\/en\/wp-json\/wp\/v2\/pages"}],"about":[{"href":"https:\/\/www.proxess.de\/en\/wp-json\/wp\/v2\/types\/page"}],"author":[{"embeddable":true,"href":"https:\/\/www.proxess.de\/en\/wp-json\/wp\/v2\/users\/8"}],"replies":[{"embeddable":true,"href":"https:\/\/www.proxess.de\/en\/wp-json\/wp\/v2\/comments?post=45411"}],"version-history":[{"count":4,"href":"https:\/\/www.proxess.de\/en\/wp-json\/wp\/v2\/pages\/45411\/revisions"}],"predecessor-version":[{"id":45556,"href":"https:\/\/www.proxess.de\/en\/wp-json\/wp\/v2\/pages\/45411\/revisions\/45556"}],"wp:attachment":[{"href":"https:\/\/www.proxess.de\/en\/wp-json\/wp\/v2\/media?parent=45411"}],"curies":[{"name":"wp","href":"https:\/\/api.w.org\/{rel}","templated":true}]}}